{"id":3360,"date":"2024-12-29T18:11:54","date_gmt":"2024-12-29T17:11:54","guid":{"rendered":"https:\/\/innolarva.com\/proyecto\/"},"modified":"2024-12-29T18:26:08","modified_gmt":"2024-12-29T17:26:08","slug":"proyecto","status":"publish","type":"page","link":"https:\/\/innolarva.com\/es\/proyecto\/","title":{"rendered":"Proyecto"},"content":{"rendered":"\n<div class=\"wp-block-columns is-layout-flex wp-container-core-columns-is-layout-9d6595d7 wp-block-columns-is-layout-flex\">\n<div class=\"wp-block-column is-layout-flow wp-block-column-is-layout-flow\" style=\"flex-basis:15%\"><\/div>\n\n\n\n<div class=\"wp-block-column is-layout-flow wp-block-column-is-layout-flow\" style=\"flex-basis:100%\">\n<h2 class=\"wp-block-heading has-text-align-center has-large-font-size\">Estado actual del proyecto<\/h2>\n\n\n\n<p style=\"text-align: justify;\"><strong>Estado actual: <\/strong>El proyecto se encuentra en la fase <strong>TRL 8<\/strong> (Nivel de Madurez Tecnol\u00f3gica), sistema completo y certificado mediante pruebas y demostraciones, durante la cual estamos validando nuestro sistema en entornos reales para confirmar su eficacia y viabilidad.<\/p>\n<p style=\"text-align: justify;\">Paralelamente, estamos gestionando las patentes de todas las etapas del proceso productivo, incluyendo la tecnolog\u00eda innovadora de los digestores desarrollados por Innolarva y el nematicida como producto final.<\/p>\n<p style=\"text-align: justify;\">Nuestro producto, un <strong>nematicida de alto valor a\u00f1adido<\/strong> obtenido mediante la digesti\u00f3n aer\u00f3bica con nuestros digestores, se encuentra actualmente en proceso de registro para su futura comercializaci\u00f3n.<\/p>\n\n\n\n<figure class=\"wp-block-image size-full\"><img loading=\"lazy\" decoding=\"async\" width=\"2822\" height=\"855\" src=\"https:\/\/innolarva.com\/wp-content\/uploads\/2024\/12\/trl8.png\" alt=\"\" class=\"wp-image-3267\" srcset=\"https:\/\/innolarva.com\/wp-content\/uploads\/2024\/12\/trl8.png 2822w, https:\/\/innolarva.com\/wp-content\/uploads\/2024\/12\/trl8-300x91.png 300w, https:\/\/innolarva.com\/wp-content\/uploads\/2024\/12\/trl8-1024x310.png 1024w, https:\/\/innolarva.com\/wp-content\/uploads\/2024\/12\/trl8-768x233.png 768w, https:\/\/innolarva.com\/wp-content\/uploads\/2024\/12\/trl8-1536x465.png 1536w, https:\/\/innolarva.com\/wp-content\/uploads\/2024\/12\/trl8-2048x620.png 2048w\" sizes=\"auto, (max-width: 2822px) 100vw, 2822px\" \/><figcaption class=\"wp-element-caption\"><em>Ilustraci\u00f3n 1. Technological Readiness Level. <\/em><\/figcaption><\/figure>\n\n\n\n<h2 class=\"wp-block-heading has-text-align-center has-large-font-size\">Proceso de producci\u00f3n del nematicida<\/h2>\n\n\n\n<p style=\"text-align: justify;\">El proceso de producci\u00f3n de nuestro nematicida combina tecnolog\u00eda avanzada, sostenibilidad y eficiencia, integrando diversas etapas que maximizan el valor de los residuos org\u00e1nicos y minimizan el impacto ambiental.<\/p>\n<p style=\"text-align: justify;\"><strong>Proceso de biodegradaci\u00f3n: <\/strong>Hemos dise\u00f1ado un <strong>sistema innovador de conversi\u00f3n y transformaci\u00f3n de materia org\u00e1nica<\/strong>. Este proceso se realiza bajo condiciones controladas y directamente en las explotaciones generadoras de los residuos, mediante un <strong>ciclo cerrado que utiliza nuestros digestores<\/strong>. Este enfoque <strong>elimina los costos asociados al transporte y reduce significativamente las emisiones de gases contaminantes a la atm\u00f3sfera.<\/strong><\/p>\n\n\n\n<p style=\"text-align: justify;\"><strong>Crianza de larvas:<\/strong> Nos encargamos de la <strong>crianza de larvas de Hermetia Illucens<\/strong> en condiciones \u00f3ptimas que garantizan un crecimiento acelerado y saludable. Estas larvas alcanzan un punto de desarrollo ideal para comenzar a digerir residuos org\u00e1nicos con una elevada eficacia y rapidez, asegurando un alto rendimiento en la producci\u00f3n de biomasa.<\/p>\n\n\n<div class=\"wp-block-image is-style-default\">\n<figure class=\"aligncenter size-full is-resized\"><img loading=\"lazy\" decoding=\"async\" width=\"500\" height=\"350\" src=\"https:\/\/innolarva.com\/wp-content\/uploads\/2024\/12\/CRIA_DE_LARVES-1.png\" alt=\"\" class=\"wp-image-3305\" style=\"width:400px\" srcset=\"https:\/\/innolarva.com\/wp-content\/uploads\/2024\/12\/CRIA_DE_LARVES-1.png 500w, https:\/\/innolarva.com\/wp-content\/uploads\/2024\/12\/CRIA_DE_LARVES-1-300x210.png 300w\" sizes=\"auto, (max-width: 500px) 100vw, 500px\" \/><figcaption class=\"wp-element-caption\"><em>Ilustraci\u00f3n 2. Cabra de cr\u00eda de larvas. Fuente: Innolarva.<\/em><\/figcaption><\/figure>\n<\/div>\n\n\n<p style=\"text-align: justify;\"><strong>Utilizaci\u00f3n de digestores:<\/strong> La pieza clave de nuestro proceso es el <strong>digestor<\/strong>, una <strong>m\u00e1quina avanzada dise\u00f1ada para transformar residuos org\u00e1nicos<\/strong>, con la ayuda de las larvas, en un subproducto de alto valor a\u00f1adido. Este digestor integra diversas tecnolog\u00edas que permiten un control total del proceso de biodegradaci\u00f3n, asegurando un subproducto final \u00f3ptimo para su posterior transformaci\u00f3n en nematicida.<\/p>\n\n\n<div class=\"wp-block-image\">\n<figure class=\"aligncenter size-full is-resized\"><img loading=\"lazy\" decoding=\"async\" width=\"500\" height=\"350\" src=\"https:\/\/innolarva.com\/wp-content\/uploads\/2024\/12\/DIGESTOR-1.png\" alt=\"\" class=\"wp-image-3309\" style=\"width:400px\" srcset=\"https:\/\/innolarva.com\/wp-content\/uploads\/2024\/12\/DIGESTOR-1.png 500w, https:\/\/innolarva.com\/wp-content\/uploads\/2024\/12\/DIGESTOR-1-300x210.png 300w\" sizes=\"auto, (max-width: 500px) 100vw, 500px\" \/><figcaption class=\"wp-element-caption\"><em>Ilustraci\u00f3n 3. Digestor en funcionamiento. Fuente: Innolarva.<\/em><\/figcaption><\/figure>\n<\/div>\n\n\n<p style=\"text-align: justify;\"><strong>Producci\u00f3n del nematicida: <\/strong>El nematicida se produce mediante un proceso que transforma el subproducto obtenido de los digestores en un producto con excelentes propiedades fitosanitarias. Este <strong>nematicida de alto valor a\u00f1adido<\/strong> est\u00e1 orientado a proporcionar soluciones sostenibles para la gesti\u00f3n de plagas y la mejora de la salud del suelo agr\u00edcola.<\/p>\n<p style=\"text-align: justify;\">Como empresa, no solo aseguramos la producci\u00f3n bajo estrictos <strong>controles de calidad<\/strong>, sino que tambi\u00e9n nos encargamos de la <strong>distribuci\u00f3n del producto<\/strong>, promoviendo una agricultura m\u00e1s sostenible y respetuosa con el medio ambiente.<\/p>\n\n\n<div class=\"wp-block-image\">\n<figure class=\"aligncenter size-full is-resized\"><img loading=\"lazy\" decoding=\"async\" width=\"500\" height=\"350\" src=\"https:\/\/innolarva.com\/wp-content\/uploads\/2024\/12\/NEMATICIDA-1.png\" alt=\"\" class=\"wp-image-3312\" style=\"width:400px\" srcset=\"https:\/\/innolarva.com\/wp-content\/uploads\/2024\/12\/NEMATICIDA-1.png 500w, https:\/\/innolarva.com\/wp-content\/uploads\/2024\/12\/NEMATICIDA-1-300x210.png 300w\" sizes=\"auto, (max-width: 500px) 100vw, 500px\" \/><figcaption class=\"wp-element-caption\"><em>Ilustraci\u00f3n 4. Aplicaci\u00f3n del producto. Fuente: Innolarva.<\/em><\/figcaption><\/figure>\n<\/div><\/div>\n\n\n\n<div class=\"wp-block-column is-layout-flow wp-block-column-is-layout-flow\" style=\"flex-basis:15%\"><\/div>\n<\/div>\n\n\n\n<p><\/p>\n","protected":false},"excerpt":{"rendered":"<p>Estado actual del proyecto Estado actual: El proyecto se encuentra en la fase TRL 8 (Nivel de Madurez Tecnol\u00f3gica), sistema completo y certificado mediante pruebas y demostraciones, durante la cual &#8230;<\/p>\n","protected":false},"author":6,"featured_media":3141,"parent":0,"menu_order":0,"comment_status":"closed","ping_status":"closed","template":"","meta":{"footnotes":""},"class_list":["post-3360","page","type-page","status-publish","has-post-thumbnail","hentry"],"yoast_head":"<!-- This site is optimized with the Yoast SEO plugin v27.4 - https:\/\/yoast.com\/product\/yoast-seo-wordpress\/ -->\n<title>Proyecto - INNOLARVA<\/title>\n<meta name=\"robots\" content=\"index, follow, max-snippet:-1, max-image-preview:large, max-video-preview:-1\" \/>\n<link rel=\"canonical\" href=\"https:\/\/innolarva.com\/es\/proyecto\/\" \/>\n<meta property=\"og:locale\" content=\"es_ES\" \/>\n<meta property=\"og:type\" content=\"article\" \/>\n<meta property=\"og:title\" content=\"Proyecto - INNOLARVA\" \/>\n<meta property=\"og:description\" content=\"Estado actual del proyecto Estado actual: El proyecto se encuentra en la fase TRL 8 (Nivel de Madurez Tecnol\u00f3gica), sistema completo y certificado mediante pruebas y demostraciones, durante la cual ...\" \/>\n<meta property=\"og:url\" content=\"https:\/\/innolarva.com\/es\/proyecto\/\" \/>\n<meta property=\"og:site_name\" content=\"INNOLARVA\" \/>\n<meta property=\"article:modified_time\" content=\"2024-12-29T17:26:08+00:00\" \/>\n<meta property=\"og:image\" content=\"https:\/\/innolarva.com\/wp-content\/uploads\/2024\/12\/projectes-transformed-scaled.jpeg\" \/>\n\t<meta property=\"og:image:width\" content=\"2560\" \/>\n\t<meta property=\"og:image:height\" content=\"1917\" \/>\n\t<meta property=\"og:image:type\" content=\"image\/jpeg\" \/>\n<meta name=\"twitter:card\" content=\"summary_large_image\" \/>\n<meta name=\"twitter:label1\" content=\"Tiempo de lectura\" \/>\n\t<meta name=\"twitter:data1\" content=\"4 minutos\" \/>\n<script type=\"application\/ld+json\" class=\"yoast-schema-graph\">{\"@context\":\"https:\\\/\\\/schema.org\",\"@graph\":[{\"@type\":\"WebPage\",\"@id\":\"https:\\\/\\\/innolarva.com\\\/es\\\/proyecto\\\/\",\"url\":\"https:\\\/\\\/innolarva.com\\\/es\\\/proyecto\\\/\",\"name\":\"Proyecto - INNOLARVA\",\"isPartOf\":{\"@id\":\"https:\\\/\\\/innolarva.com\\\/es\\\/#website\"},\"primaryImageOfPage\":{\"@id\":\"https:\\\/\\\/innolarva.com\\\/es\\\/proyecto\\\/#primaryimage\"},\"image\":{\"@id\":\"https:\\\/\\\/innolarva.com\\\/es\\\/proyecto\\\/#primaryimage\"},\"thumbnailUrl\":\"https:\\\/\\\/innolarva.com\\\/wp-content\\\/uploads\\\/2024\\\/12\\\/projectes-transformed-scaled.jpeg\",\"datePublished\":\"2024-12-29T17:11:54+00:00\",\"dateModified\":\"2024-12-29T17:26:08+00:00\",\"breadcrumb\":{\"@id\":\"https:\\\/\\\/innolarva.com\\\/es\\\/proyecto\\\/#breadcrumb\"},\"inLanguage\":\"es\",\"potentialAction\":[{\"@type\":\"ReadAction\",\"target\":[\"https:\\\/\\\/innolarva.com\\\/es\\\/proyecto\\\/\"]}]},{\"@type\":\"ImageObject\",\"inLanguage\":\"es\",\"@id\":\"https:\\\/\\\/innolarva.com\\\/es\\\/proyecto\\\/#primaryimage\",\"url\":\"https:\\\/\\\/innolarva.com\\\/wp-content\\\/uploads\\\/2024\\\/12\\\/projectes-transformed-scaled.jpeg\",\"contentUrl\":\"https:\\\/\\\/innolarva.com\\\/wp-content\\\/uploads\\\/2024\\\/12\\\/projectes-transformed-scaled.jpeg\",\"width\":2560,\"height\":1917},{\"@type\":\"BreadcrumbList\",\"@id\":\"https:\\\/\\\/innolarva.com\\\/es\\\/proyecto\\\/#breadcrumb\",\"itemListElement\":[{\"@type\":\"ListItem\",\"position\":1,\"name\":\"Inicio\",\"item\":\"https:\\\/\\\/innolarva.com\\\/es\\\/\"},{\"@type\":\"ListItem\",\"position\":2,\"name\":\"Proyecto\"}]},{\"@type\":\"WebSite\",\"@id\":\"https:\\\/\\\/innolarva.com\\\/es\\\/#website\",\"url\":\"https:\\\/\\\/innolarva.com\\\/es\\\/\",\"name\":\"INNOLARVA\",\"description\":\"Transformem els residus org\u00e0nics en biomassa\",\"publisher\":{\"@id\":\"https:\\\/\\\/innolarva.com\\\/es\\\/#organization\"},\"potentialAction\":[{\"@type\":\"SearchAction\",\"target\":{\"@type\":\"EntryPoint\",\"urlTemplate\":\"https:\\\/\\\/innolarva.com\\\/es\\\/?s={search_term_string}\"},\"query-input\":{\"@type\":\"PropertyValueSpecification\",\"valueRequired\":true,\"valueName\":\"search_term_string\"}}],\"inLanguage\":\"es\"},{\"@type\":\"Organization\",\"@id\":\"https:\\\/\\\/innolarva.com\\\/es\\\/#organization\",\"name\":\"INNOLARVA\",\"url\":\"https:\\\/\\\/innolarva.com\\\/es\\\/\",\"logo\":{\"@type\":\"ImageObject\",\"inLanguage\":\"es\",\"@id\":\"https:\\\/\\\/innolarva.com\\\/es\\\/#\\\/schema\\\/logo\\\/image\\\/\",\"url\":\"https:\\\/\\\/innolarva.com\\\/wp-content\\\/uploads\\\/2021\\\/02\\\/innolarva-428x126-1-1.png\",\"contentUrl\":\"https:\\\/\\\/innolarva.com\\\/wp-content\\\/uploads\\\/2021\\\/02\\\/innolarva-428x126-1-1.png\",\"width\":428,\"height\":126,\"caption\":\"INNOLARVA\"},\"image\":{\"@id\":\"https:\\\/\\\/innolarva.com\\\/es\\\/#\\\/schema\\\/logo\\\/image\\\/\"}}]}<\/script>\n<!-- \/ Yoast SEO plugin. -->","yoast_head_json":{"title":"Proyecto - INNOLARVA","robots":{"index":"index","follow":"follow","max-snippet":"max-snippet:-1","max-image-preview":"max-image-preview:large","max-video-preview":"max-video-preview:-1"},"canonical":"https:\/\/innolarva.com\/es\/proyecto\/","og_locale":"es_ES","og_type":"article","og_title":"Proyecto - INNOLARVA","og_description":"Estado actual del proyecto Estado actual: El proyecto se encuentra en la fase TRL 8 (Nivel de Madurez Tecnol\u00f3gica), sistema completo y certificado mediante pruebas y demostraciones, durante la cual ...","og_url":"https:\/\/innolarva.com\/es\/proyecto\/","og_site_name":"INNOLARVA","article_modified_time":"2024-12-29T17:26:08+00:00","og_image":[{"width":2560,"height":1917,"url":"https:\/\/innolarva.com\/wp-content\/uploads\/2024\/12\/projectes-transformed-scaled.jpeg","type":"image\/jpeg"}],"twitter_card":"summary_large_image","twitter_misc":{"Tiempo de lectura":"4 minutos"},"schema":{"@context":"https:\/\/schema.org","@graph":[{"@type":"WebPage","@id":"https:\/\/innolarva.com\/es\/proyecto\/","url":"https:\/\/innolarva.com\/es\/proyecto\/","name":"Proyecto - INNOLARVA","isPartOf":{"@id":"https:\/\/innolarva.com\/es\/#website"},"primaryImageOfPage":{"@id":"https:\/\/innolarva.com\/es\/proyecto\/#primaryimage"},"image":{"@id":"https:\/\/innolarva.com\/es\/proyecto\/#primaryimage"},"thumbnailUrl":"https:\/\/innolarva.com\/wp-content\/uploads\/2024\/12\/projectes-transformed-scaled.jpeg","datePublished":"2024-12-29T17:11:54+00:00","dateModified":"2024-12-29T17:26:08+00:00","breadcrumb":{"@id":"https:\/\/innolarva.com\/es\/proyecto\/#breadcrumb"},"inLanguage":"es","potentialAction":[{"@type":"ReadAction","target":["https:\/\/innolarva.com\/es\/proyecto\/"]}]},{"@type":"ImageObject","inLanguage":"es","@id":"https:\/\/innolarva.com\/es\/proyecto\/#primaryimage","url":"https:\/\/innolarva.com\/wp-content\/uploads\/2024\/12\/projectes-transformed-scaled.jpeg","contentUrl":"https:\/\/innolarva.com\/wp-content\/uploads\/2024\/12\/projectes-transformed-scaled.jpeg","width":2560,"height":1917},{"@type":"BreadcrumbList","@id":"https:\/\/innolarva.com\/es\/proyecto\/#breadcrumb","itemListElement":[{"@type":"ListItem","position":1,"name":"Inicio","item":"https:\/\/innolarva.com\/es\/"},{"@type":"ListItem","position":2,"name":"Proyecto"}]},{"@type":"WebSite","@id":"https:\/\/innolarva.com\/es\/#website","url":"https:\/\/innolarva.com\/es\/","name":"INNOLARVA","description":"Transformem els residus org\u00e0nics en biomassa","publisher":{"@id":"https:\/\/innolarva.com\/es\/#organization"},"potentialAction":[{"@type":"SearchAction","target":{"@type":"EntryPoint","urlTemplate":"https:\/\/innolarva.com\/es\/?s={search_term_string}"},"query-input":{"@type":"PropertyValueSpecification","valueRequired":true,"valueName":"search_term_string"}}],"inLanguage":"es"},{"@type":"Organization","@id":"https:\/\/innolarva.com\/es\/#organization","name":"INNOLARVA","url":"https:\/\/innolarva.com\/es\/","logo":{"@type":"ImageObject","inLanguage":"es","@id":"https:\/\/innolarva.com\/es\/#\/schema\/logo\/image\/","url":"https:\/\/innolarva.com\/wp-content\/uploads\/2021\/02\/innolarva-428x126-1-1.png","contentUrl":"https:\/\/innolarva.com\/wp-content\/uploads\/2021\/02\/innolarva-428x126-1-1.png","width":428,"height":126,"caption":"INNOLARVA"},"image":{"@id":"https:\/\/innolarva.com\/es\/#\/schema\/logo\/image\/"}}]}},"_links":{"self":[{"href":"https:\/\/innolarva.com\/es\/wp-json\/wp\/v2\/pages\/3360","targetHints":{"allow":["GET"]}}],"collection":[{"href":"https:\/\/innolarva.com\/es\/wp-json\/wp\/v2\/pages"}],"about":[{"href":"https:\/\/innolarva.com\/es\/wp-json\/wp\/v2\/types\/page"}],"author":[{"embeddable":true,"href":"https:\/\/innolarva.com\/es\/wp-json\/wp\/v2\/users\/6"}],"replies":[{"embeddable":true,"href":"https:\/\/innolarva.com\/es\/wp-json\/wp\/v2\/comments?post=3360"}],"version-history":[{"count":9,"href":"https:\/\/innolarva.com\/es\/wp-json\/wp\/v2\/pages\/3360\/revisions"}],"predecessor-version":[{"id":3372,"href":"https:\/\/innolarva.com\/es\/wp-json\/wp\/v2\/pages\/3360\/revisions\/3372"}],"wp:featuredmedia":[{"embeddable":true,"href":"https:\/\/innolarva.com\/es\/wp-json\/wp\/v2\/media\/3141"}],"wp:attachment":[{"href":"https:\/\/innolarva.com\/es\/wp-json\/wp\/v2\/media?parent=3360"}],"curies":[{"name":"wp","href":"https:\/\/api.w.org\/{rel}","templated":true}]}}