{"id":3198,"date":"2024-12-19T13:52:32","date_gmt":"2024-12-19T12:52:32","guid":{"rendered":"https:\/\/innolarva.com\/contacto\/"},"modified":"2025-01-20T09:27:12","modified_gmt":"2025-01-20T08:27:12","slug":"contacto","status":"publish","type":"page","link":"https:\/\/innolarva.com\/es\/contacto\/","title":{"rendered":"Contacto"},"content":{"rendered":"\n<div class=\"wp-block-group is-content-justification-left is-nowrap is-layout-flex wp-container-core-group-is-layout-f56a869c wp-block-group-is-layout-flex\"><div class=\"wpforms-container wpforms-container-full wpforms-block wpforms-block-418b6f97-22ea-42a2-a6bd-c55c4e953c5b\" id=\"wpforms-1431\"><form id=\"wpforms-form-1431\" class=\"wpforms-validate wpforms-form\" data-formid=\"1431\" method=\"post\" enctype=\"multipart\/form-data\" action=\"\/es\/wp-json\/wp\/v2\/pages\/3198\" data-token=\"e87e2770f43a07dbbba47f6dd8cbca8c\" data-token-time=\"1777055789\"><noscript class=\"wpforms-error-noscript\">Por favor, activa JavaScript en tu navegador para completar este formulario.<\/noscript><div class=\"wpforms-field-container\"><div id=\"wpforms-1431-field_14-container\" class=\"wpforms-field wpforms-field-name\" data-field-id=\"14\"><label class=\"wpforms-field-label\" for=\"wpforms-1431-field_14\">Nom <span class=\"wpforms-required-label\">*<\/span><\/label><div class=\"wpforms-field-row wpforms-field-medium\"><div class=\"wpforms-field-row-block wpforms-first wpforms-one-half\"><input type=\"text\" id=\"wpforms-1431-field_14\" class=\"wpforms-field-name-first wpforms-field-required\" name=\"wpforms[fields][14][first]\" placeholder=\"Nom\" required><label for=\"wpforms-1431-field_14\" class=\"wpforms-field-sublabel after wpforms-sublabel-hide\">Nombre<\/label><\/div><div class=\"wpforms-field-row-block wpforms-one-half\"><input type=\"text\" id=\"wpforms-1431-field_14-last\" class=\"wpforms-field-name-last wpforms-field-required\" name=\"wpforms[fields][14][last]\" placeholder=\"Cognoms\" required><label for=\"wpforms-1431-field_14-last\" class=\"wpforms-field-sublabel after wpforms-sublabel-hide\">Apellidos<\/label><\/div><\/div><\/div><div id=\"wpforms-1431-field_3-container\" class=\"wpforms-field wpforms-field-text\" data-field-id=\"3\"><label class=\"wpforms-field-label\" for=\"wpforms-1431-field_3\">Empresa <span class=\"wpforms-required-label\">*<\/span><\/label><input type=\"text\" id=\"wpforms-1431-field_3\" class=\"wpforms-field-medium wpforms-field-required\" name=\"wpforms[fields][3]\" required><\/div><div id=\"wpforms-1431-field_6-container\" class=\"wpforms-field wpforms-field-select wpforms-field-select-style-modern\" data-field-id=\"6\"><label class=\"wpforms-field-label wpforms-label-hide\" for=\"wpforms-1431-field_6\">Tipologia d&#039;empresa<\/label><select id=\"wpforms-1431-field_6\" class=\"wpforms-field-medium choicesjs-select\" data-size-class=\"wpforms-field-row wpforms-field-medium\" data-search-enabled=\"\" name=\"wpforms[fields][6]\"><option value=\"\" class=\"placeholder\" disabled  selected='selected'>Quin tipus d&#039;empresa ets?<\/option><option value=\"Explotaci\u00f3 agr\u00e0ria\"  class=\"choice-1 depth-1\"  >Explotaci\u00f3 agr\u00e0ria<\/option><option value=\"Ind\u00fastria\"  class=\"choice-2 depth-1\"  >Ind\u00fastria<\/option><option value=\"Altres\"  class=\"choice-3 depth-1\"  >Altres<\/option><\/select><\/div><div id=\"wpforms-1431-field_4-container\" class=\"wpforms-field wpforms-field-email\" data-field-id=\"4\"><label class=\"wpforms-field-label\" for=\"wpforms-1431-field_4\">Email <span class=\"wpforms-required-label\">*<\/span><\/label><input type=\"email\" id=\"wpforms-1431-field_4\" class=\"wpforms-field-medium wpforms-field-required\" name=\"wpforms[fields][4]\" spellcheck=\"false\" required><\/div><div id=\"wpforms-1431-field_10-container\" class=\"wpforms-field wpforms-field-text\" data-field-id=\"10\"><label class=\"wpforms-field-label\" for=\"wpforms-1431-field_10\">Tel\u00e8fon <span class=\"wpforms-required-label\">*<\/span><\/label><input type=\"text\" id=\"wpforms-1431-field_10\" class=\"wpforms-field-medium wpforms-field-required\" name=\"wpforms[fields][10]\" required><\/div><div id=\"wpforms-1431-field_8-container\" class=\"wpforms-field wpforms-field-textarea\" data-field-id=\"8\"><label class=\"wpforms-field-label\" for=\"wpforms-1431-field_8\">Consulta<\/label><textarea id=\"wpforms-1431-field_8\" class=\"wpforms-field-medium\" name=\"wpforms[fields][8]\" ><\/textarea><\/div><div id=\"wpforms-1431-field_13-container\" class=\"wpforms-field wpforms-field-checkbox\" data-field-id=\"13\"><ul id=\"wpforms-1431-field_13\" class=\"wpforms-field-required\"><li class=\"choice-1 depth-1\"><input type=\"checkbox\" id=\"wpforms-1431-field_13_1\" name=\"wpforms[fields][13][]\" value=\"Al clicar el bot\u00f3 ENVIAR i marcar aquest casella l&#039;usuari declara haver llegit i estar d&#039;acord amb les condicones incloses en l&#039;Av\u00eds Legal i la Pol\u00edtica de Privacitat\" required ><label class=\"wpforms-field-label-inline\" for=\"wpforms-1431-field_13_1\">Al clicar el bot\u00f3 ENVIAR i marcar aquest casella l&#8217;usuari declara haver llegit i estar d&#8217;acord amb les condicones incloses en l&#8217;Av\u00eds Legal i la Pol\u00edtica de Privacitat<\/label><\/li><\/ul><div class=\"wpforms-field-description\"><a href=\"https:\/\/www.innolarva.com\/avis-legal\"> Av\u00eds Legal \u00b7 Pol\u00edtica de Privacitat<\/a><\/div><\/div><\/div><!-- .wpforms-field-container --><div class=\"wpforms-recaptcha-container wpforms-is-recaptcha wpforms-is-recaptcha-type-v2\" ><div class=\"g-recaptcha\" data-sitekey=\"6Lf9-cspAAAAAPw5fE6oMVPo_Z1hQT0p5R9B1m5i\"><\/div><input type=\"text\" name=\"g-recaptcha-hidden\" class=\"wpforms-recaptcha-hidden\" style=\"position:absolute!important;clip:rect(0,0,0,0)!important;height:1px!important;width:1px!important;border:0!important;overflow:hidden!important;padding:0!important;margin:0!important;\" data-rule-recaptcha=\"1\"><\/div><div class=\"wpforms-submit-container\" ><input type=\"hidden\" name=\"wpforms[id]\" value=\"1431\"><input type=\"hidden\" name=\"page_title\" value=\"\"><input type=\"hidden\" name=\"page_url\" value=\"https:\/\/innolarva.com\/es\/wp-json\/wp\/v2\/pages\/3198\"><input type=\"hidden\" name=\"url_referer\" value=\"\"><button type=\"submit\" name=\"wpforms[submit]\" id=\"wpforms-submit-1431\" class=\"wpforms-submit\" aria-live=\"assertive\" value=\"wpforms-submit\">Enviar<\/button><\/div><\/form><\/div>  <!-- .wpforms-container -->\n\n\n<div style=\"height:100px;width:0px\" aria-hidden=\"true\" class=\"wp-block-spacer wp-container-content-6388d5dc\"><\/div>\n\n\n\n<div class=\"wp-block-group is-vertical is-layout-flex wp-container-core-group-is-layout-8cf370e7 wp-block-group-is-layout-flex\">\n<h2 class=\"wp-block-heading has-medium-font-size\">CONTACTA CON NOSOTROS<\/h2>\n\n\n\n<p style=\"font-size:15px\">Si deseas recibir m\u00e1s informaci\u00f3n, ponte en contacto con nosotros rellenando el formulario.<\/p>\n\n\n\n<h2 class=\"wp-block-heading has-medium-font-size\">D\u00d3NDE ESTAMOS<\/h2>\n\n\n\n<p style=\"font-size:15px\">Parque Empresarial del TecnoCampus, TCM2<\/p>\n\n\n\n<p style=\"font-size:15px\">Oficina 1.16<\/p>\n\n\n\n<div class=\"wp-block-gmap-gmap-block gmap-block-0cssqnzz\"><iframe src=\"https:\/\/maps.google.com\/maps?q=+TECNOCAMPUS+MATAR%C3%93-+MARESME+C%2FERNEST+LLUCH%2C+32+08302%2C+Mataro+%28Barcelona%29&amp;z=15&amp;t=roadmap&amp;output=embed\" class=\"embd-map\" title=\" TECNOCAMPUS MATAR\u00d3- MARESME C\/ERNEST LLUCH, 32 08302, Mataro (Barcelona)\"><\/iframe><\/div>\n\n\n\n<h2 class=\"wp-block-heading has-medium-font-size\">TEL\u00c9FONOS DE CONTACTO<\/h2>\n\n\n\n<p style=\"font-size:15px\">Oficina: +34 937 02 19 71<\/p>\n\n\n\n<p style=\"font-size:15px\">Rosa: +34 608 95 91 79<\/p>\n\n\n\n<p style=\"font-size:15px\">Jordi: +34 629 76 41 39<\/p>\n\n\n\n<p style=\"font-size:15px\">\u00d2scar: +34 626 23 77 01<\/p>\n\n\n\n<h2 class=\"wp-block-heading has-medium-font-size\">CORREO ELECTR\u00d3NICO<\/h2>\n\n\n\n<p style=\"font-size:15px\">info@innolarva.cat<\/p>\n<\/div>\n<\/div>\n\n<p><\/p>\n","protected":false},"excerpt":{"rendered":"<p>CONTACTA CON NOSOTROS Si deseas recibir m\u00e1s informaci\u00f3n, ponte en contacto con nosotros rellenando el formulario. D\u00d3NDE ESTAMOS Parque Empresarial del TecnoCampus, TCM2 Oficina 1.16 TEL\u00c9FONOS DE CONTACTO Oficina: +34 &#8230;<\/p>\n","protected":false},"author":6,"featured_media":3120,"parent":0,"menu_order":0,"comment_status":"closed","ping_status":"closed","template":"","meta":{"footnotes":""},"class_list":["post-3198","page","type-page","status-publish","has-post-thumbnail","hentry"],"yoast_head":"<!-- This site is optimized with the Yoast SEO plugin v27.4 - https:\/\/yoast.com\/product\/yoast-seo-wordpress\/ -->\n<title>Contacto - INNOLARVA<\/title>\n<meta name=\"robots\" content=\"index, follow, max-snippet:-1, max-image-preview:large, max-video-preview:-1\" \/>\n<link rel=\"canonical\" href=\"https:\/\/innolarva.com\/es\/contacto\/\" \/>\n<meta property=\"og:locale\" content=\"es_ES\" \/>\n<meta property=\"og:type\" content=\"article\" \/>\n<meta property=\"og:title\" content=\"Contacto - INNOLARVA\" \/>\n<meta property=\"og:description\" content=\"CONTACTA CON NOSOTROS Si deseas recibir m\u00e1s informaci\u00f3n, ponte en contacto con nosotros rellenando el formulario. D\u00d3NDE ESTAMOS Parque Empresarial del TecnoCampus, TCM2 Oficina 1.16 TEL\u00c9FONOS DE CONTACTO Oficina: +34 ...\" \/>\n<meta property=\"og:url\" content=\"https:\/\/innolarva.com\/es\/contacto\/\" \/>\n<meta property=\"og:site_name\" content=\"INNOLARVA\" \/>\n<meta property=\"article:modified_time\" content=\"2025-01-20T08:27:12+00:00\" \/>\n<meta property=\"og:image\" content=\"https:\/\/innolarva.com\/wp-content\/uploads\/2024\/12\/tecnocampus-contacte.jpg\" \/>\n\t<meta property=\"og:image:width\" content=\"2022\" \/>\n\t<meta property=\"og:image:height\" content=\"922\" \/>\n\t<meta property=\"og:image:type\" content=\"image\/jpeg\" \/>\n<meta name=\"twitter:card\" content=\"summary_large_image\" \/>\n<meta name=\"twitter:label1\" content=\"Tiempo de lectura\" \/>\n\t<meta name=\"twitter:data1\" content=\"1 minuto\" \/>\n<script type=\"application\/ld+json\" class=\"yoast-schema-graph\">{\"@context\":\"https:\\\/\\\/schema.org\",\"@graph\":[{\"@type\":\"WebPage\",\"@id\":\"https:\\\/\\\/innolarva.com\\\/es\\\/contacto\\\/\",\"url\":\"https:\\\/\\\/innolarva.com\\\/es\\\/contacto\\\/\",\"name\":\"Contacto - INNOLARVA\",\"isPartOf\":{\"@id\":\"https:\\\/\\\/innolarva.com\\\/es\\\/#website\"},\"primaryImageOfPage\":{\"@id\":\"https:\\\/\\\/innolarva.com\\\/es\\\/contacto\\\/#primaryimage\"},\"image\":{\"@id\":\"https:\\\/\\\/innolarva.com\\\/es\\\/contacto\\\/#primaryimage\"},\"thumbnailUrl\":\"https:\\\/\\\/innolarva.com\\\/wp-content\\\/uploads\\\/2024\\\/12\\\/tecnocampus-contacte.jpg\",\"datePublished\":\"2024-12-19T12:52:32+00:00\",\"dateModified\":\"2025-01-20T08:27:12+00:00\",\"breadcrumb\":{\"@id\":\"https:\\\/\\\/innolarva.com\\\/es\\\/contacto\\\/#breadcrumb\"},\"inLanguage\":\"es\",\"potentialAction\":[{\"@type\":\"ReadAction\",\"target\":[\"https:\\\/\\\/innolarva.com\\\/es\\\/contacto\\\/\"]}]},{\"@type\":\"ImageObject\",\"inLanguage\":\"es\",\"@id\":\"https:\\\/\\\/innolarva.com\\\/es\\\/contacto\\\/#primaryimage\",\"url\":\"https:\\\/\\\/innolarva.com\\\/wp-content\\\/uploads\\\/2024\\\/12\\\/tecnocampus-contacte.jpg\",\"contentUrl\":\"https:\\\/\\\/innolarva.com\\\/wp-content\\\/uploads\\\/2024\\\/12\\\/tecnocampus-contacte.jpg\",\"width\":2022,\"height\":922},{\"@type\":\"BreadcrumbList\",\"@id\":\"https:\\\/\\\/innolarva.com\\\/es\\\/contacto\\\/#breadcrumb\",\"itemListElement\":[{\"@type\":\"ListItem\",\"position\":1,\"name\":\"Inicio\",\"item\":\"https:\\\/\\\/innolarva.com\\\/es\\\/\"},{\"@type\":\"ListItem\",\"position\":2,\"name\":\"Contacto\"}]},{\"@type\":\"WebSite\",\"@id\":\"https:\\\/\\\/innolarva.com\\\/es\\\/#website\",\"url\":\"https:\\\/\\\/innolarva.com\\\/es\\\/\",\"name\":\"INNOLARVA\",\"description\":\"Transformem els residus org\u00e0nics en biomassa\",\"publisher\":{\"@id\":\"https:\\\/\\\/innolarva.com\\\/es\\\/#organization\"},\"potentialAction\":[{\"@type\":\"SearchAction\",\"target\":{\"@type\":\"EntryPoint\",\"urlTemplate\":\"https:\\\/\\\/innolarva.com\\\/es\\\/?s={search_term_string}\"},\"query-input\":{\"@type\":\"PropertyValueSpecification\",\"valueRequired\":true,\"valueName\":\"search_term_string\"}}],\"inLanguage\":\"es\"},{\"@type\":\"Organization\",\"@id\":\"https:\\\/\\\/innolarva.com\\\/es\\\/#organization\",\"name\":\"INNOLARVA\",\"url\":\"https:\\\/\\\/innolarva.com\\\/es\\\/\",\"logo\":{\"@type\":\"ImageObject\",\"inLanguage\":\"es\",\"@id\":\"https:\\\/\\\/innolarva.com\\\/es\\\/#\\\/schema\\\/logo\\\/image\\\/\",\"url\":\"https:\\\/\\\/innolarva.com\\\/wp-content\\\/uploads\\\/2021\\\/02\\\/innolarva-428x126-1-1.png\",\"contentUrl\":\"https:\\\/\\\/innolarva.com\\\/wp-content\\\/uploads\\\/2021\\\/02\\\/innolarva-428x126-1-1.png\",\"width\":428,\"height\":126,\"caption\":\"INNOLARVA\"},\"image\":{\"@id\":\"https:\\\/\\\/innolarva.com\\\/es\\\/#\\\/schema\\\/logo\\\/image\\\/\"}}]}<\/script>\n<!-- \/ Yoast SEO plugin. -->","yoast_head_json":{"title":"Contacto - INNOLARVA","robots":{"index":"index","follow":"follow","max-snippet":"max-snippet:-1","max-image-preview":"max-image-preview:large","max-video-preview":"max-video-preview:-1"},"canonical":"https:\/\/innolarva.com\/es\/contacto\/","og_locale":"es_ES","og_type":"article","og_title":"Contacto - INNOLARVA","og_description":"CONTACTA CON NOSOTROS Si deseas recibir m\u00e1s informaci\u00f3n, ponte en contacto con nosotros rellenando el formulario. D\u00d3NDE ESTAMOS Parque Empresarial del TecnoCampus, TCM2 Oficina 1.16 TEL\u00c9FONOS DE CONTACTO Oficina: +34 ...","og_url":"https:\/\/innolarva.com\/es\/contacto\/","og_site_name":"INNOLARVA","article_modified_time":"2025-01-20T08:27:12+00:00","og_image":[{"width":2022,"height":922,"url":"https:\/\/innolarva.com\/wp-content\/uploads\/2024\/12\/tecnocampus-contacte.jpg","type":"image\/jpeg"}],"twitter_card":"summary_large_image","twitter_misc":{"Tiempo de lectura":"1 minuto"},"schema":{"@context":"https:\/\/schema.org","@graph":[{"@type":"WebPage","@id":"https:\/\/innolarva.com\/es\/contacto\/","url":"https:\/\/innolarva.com\/es\/contacto\/","name":"Contacto - INNOLARVA","isPartOf":{"@id":"https:\/\/innolarva.com\/es\/#website"},"primaryImageOfPage":{"@id":"https:\/\/innolarva.com\/es\/contacto\/#primaryimage"},"image":{"@id":"https:\/\/innolarva.com\/es\/contacto\/#primaryimage"},"thumbnailUrl":"https:\/\/innolarva.com\/wp-content\/uploads\/2024\/12\/tecnocampus-contacte.jpg","datePublished":"2024-12-19T12:52:32+00:00","dateModified":"2025-01-20T08:27:12+00:00","breadcrumb":{"@id":"https:\/\/innolarva.com\/es\/contacto\/#breadcrumb"},"inLanguage":"es","potentialAction":[{"@type":"ReadAction","target":["https:\/\/innolarva.com\/es\/contacto\/"]}]},{"@type":"ImageObject","inLanguage":"es","@id":"https:\/\/innolarva.com\/es\/contacto\/#primaryimage","url":"https:\/\/innolarva.com\/wp-content\/uploads\/2024\/12\/tecnocampus-contacte.jpg","contentUrl":"https:\/\/innolarva.com\/wp-content\/uploads\/2024\/12\/tecnocampus-contacte.jpg","width":2022,"height":922},{"@type":"BreadcrumbList","@id":"https:\/\/innolarva.com\/es\/contacto\/#breadcrumb","itemListElement":[{"@type":"ListItem","position":1,"name":"Inicio","item":"https:\/\/innolarva.com\/es\/"},{"@type":"ListItem","position":2,"name":"Contacto"}]},{"@type":"WebSite","@id":"https:\/\/innolarva.com\/es\/#website","url":"https:\/\/innolarva.com\/es\/","name":"INNOLARVA","description":"Transformem els residus org\u00e0nics en biomassa","publisher":{"@id":"https:\/\/innolarva.com\/es\/#organization"},"potentialAction":[{"@type":"SearchAction","target":{"@type":"EntryPoint","urlTemplate":"https:\/\/innolarva.com\/es\/?s={search_term_string}"},"query-input":{"@type":"PropertyValueSpecification","valueRequired":true,"valueName":"search_term_string"}}],"inLanguage":"es"},{"@type":"Organization","@id":"https:\/\/innolarva.com\/es\/#organization","name":"INNOLARVA","url":"https:\/\/innolarva.com\/es\/","logo":{"@type":"ImageObject","inLanguage":"es","@id":"https:\/\/innolarva.com\/es\/#\/schema\/logo\/image\/","url":"https:\/\/innolarva.com\/wp-content\/uploads\/2021\/02\/innolarva-428x126-1-1.png","contentUrl":"https:\/\/innolarva.com\/wp-content\/uploads\/2021\/02\/innolarva-428x126-1-1.png","width":428,"height":126,"caption":"INNOLARVA"},"image":{"@id":"https:\/\/innolarva.com\/es\/#\/schema\/logo\/image\/"}}]}},"_links":{"self":[{"href":"https:\/\/innolarva.com\/es\/wp-json\/wp\/v2\/pages\/3198","targetHints":{"allow":["GET"]}}],"collection":[{"href":"https:\/\/innolarva.com\/es\/wp-json\/wp\/v2\/pages"}],"about":[{"href":"https:\/\/innolarva.com\/es\/wp-json\/wp\/v2\/types\/page"}],"author":[{"embeddable":true,"href":"https:\/\/innolarva.com\/es\/wp-json\/wp\/v2\/users\/6"}],"replies":[{"embeddable":true,"href":"https:\/\/innolarva.com\/es\/wp-json\/wp\/v2\/comments?post=3198"}],"version-history":[{"count":16,"href":"https:\/\/innolarva.com\/es\/wp-json\/wp\/v2\/pages\/3198\/revisions"}],"predecessor-version":[{"id":3378,"href":"https:\/\/innolarva.com\/es\/wp-json\/wp\/v2\/pages\/3198\/revisions\/3378"}],"wp:featuredmedia":[{"embeddable":true,"href":"https:\/\/innolarva.com\/es\/wp-json\/wp\/v2\/media\/3120"}],"wp:attachment":[{"href":"https:\/\/innolarva.com\/es\/wp-json\/wp\/v2\/media?parent=3198"}],"curies":[{"name":"wp","href":"https:\/\/api.w.org\/{rel}","templated":true}]}}