{"id":2705,"date":"2024-02-28T11:46:30","date_gmt":"2024-02-28T10:46:30","guid":{"rendered":"https:\/\/innolarva.com\/innolarva"},"modified":"2024-03-14T09:57:00","modified_gmt":"2024-03-14T08:57:00","slug":"innolarva","status":"publish","type":"page","link":"https:\/\/innolarva.com\/es\/innolarva\/","title":{"rendered":"\u00bfQui\u00e9nes somos?"},"content":{"rendered":"\n<h3 class=\"wp-block-heading\">Visi\u00f3n:<\/h3>\n<p style=\"text-align: justify;\">Somos una entidad l\u00edder y referente en la transformaci\u00f3n sostenible de residuos org\u00e1nicos en productos fitosanitarios, destacando por nuestra innovaci\u00f3n y compromiso con la promoci\u00f3n de la responsabilidad ambiental y social.<\/p>\n\n<h3 class=\"wp-block-heading\">Misi\u00f3n:<\/h3>\n\n<p>Nuestra misi\u00f3n es facilitar la comercializaci\u00f3n de productos fitosanitarios derivados de residuos org\u00e1nicos, beneficiando a todos aquellos que generen este tipo de residuos. Nos dedicamos a la investigaci\u00f3n, desarrollo y aplicaci\u00f3n de un proceso productivo propio, asegurando calidad, sostenibilidad e impacto positivo en el medio ambiente.<\/p>\n\n<h3 class=\"wp-block-heading\">Valores:<\/h3>\n\n<div class=\"wp-block-columns are-vertically-aligned-center is-layout-flex wp-container-core-columns-is-layout-9d6595d7 wp-block-columns-is-layout-flex\">\n<div class=\"wp-block-column is-vertically-aligned-center is-layout-flow wp-block-column-is-layout-flow\" style=\"flex-basis:10%\"><\/div>\n\n\n\n<div class=\"wp-block-column is-vertically-aligned-center is-layout-flow wp-block-column-is-layout-flow\" style=\"flex-basis:50%\">\n<div class=\"wp-block-group is-nowrap is-layout-flex wp-container-core-group-is-layout-ad2f72ca wp-block-group-is-layout-flex\">\n<p style=\"text-align: justify;\"><strong>Sostenibilidad:<\/strong> Comprometidos con pr\u00e1cticas que no s\u00f3lo preservan, sino que mejoran activamente el medio ambiente, contribuyendo a la salud del planeta.<\/p>\n<\/div>\n<\/div>\n\n\n\n<div class=\"wp-block-column is-vertically-aligned-center is-layout-flow wp-block-column-is-layout-flow\" style=\"flex-basis:25%\">\n<figure class=\"wp-block-image size-full\"><img loading=\"lazy\" decoding=\"async\" width=\"71\" height=\"76\" src=\"https:\/\/innolarva.com\/wp-content\/uploads\/2021\/03\/Analisi_Serveis.png\" alt=\"\" class=\"wp-image-2063\"\/><\/figure>\n<\/div>\n<\/div>\n\n<div class=\"wp-block-columns are-vertically-aligned-center is-layout-flex wp-container-core-columns-is-layout-9d6595d7 wp-block-columns-is-layout-flex\">\n<div class=\"wp-block-column is-vertically-aligned-center is-layout-flow wp-block-column-is-layout-flow\" style=\"flex-basis:10%\"><\/div>\n\n\n\n<div class=\"wp-block-column is-vertically-aligned-center is-layout-flow wp-block-column-is-layout-flow\" style=\"flex-basis:50%\">\n<p style=\"text-align: justify;\"><strong>Innovaci\u00f3n:<\/strong> Fomentamos la creatividad y la innovaci\u00f3n en cada aspecto de nuestro trabajo, buscando constantemente nuevas soluciones y enfoques para abordar los desaf\u00edos actuales y futuros.<\/p>\n<\/div>\n\n\n\n<div class=\"wp-block-column is-vertically-aligned-center is-layout-flow wp-block-column-is-layout-flow\" style=\"flex-basis:25%\">\n<figure class=\"wp-block-image size-full\"><img loading=\"lazy\" decoding=\"async\" width=\"87\" height=\"77\" src=\"https:\/\/innolarva.com\/wp-content\/uploads\/2021\/03\/Prototips_Serveis.png\" alt=\"\" class=\"wp-image-2069\"\/><\/figure>\n<\/div>\n<\/div>\n\n<div class=\"wp-block-columns are-vertically-aligned-center is-layout-flex wp-container-core-columns-is-layout-9d6595d7 wp-block-columns-is-layout-flex\">\n<div class=\"wp-block-column is-vertically-aligned-center is-layout-flow wp-block-column-is-layout-flow\" style=\"flex-basis:10%\"><\/div>\n\n\n\n<div class=\"wp-block-column is-vertically-aligned-center is-layout-flow wp-block-column-is-layout-flow\" style=\"flex-basis:50%\">\n<p style=\"text-align: justify;\"><strong>Integridad:<\/strong> Actuamos con honestidad y \u00e9tica en todas nuestras operaciones, construyendo relaciones de confianza con nuestros colaboradores, clientes y comunidad en general. La integridad gu\u00eda nuestras decisiones y acciones en todo momento.<\/p>\n<\/div>\n\n\n\n<div class=\"wp-block-column is-vertically-aligned-center is-layout-flow wp-block-column-is-layout-flow\" style=\"flex-basis:25%\">\n<figure class=\"wp-block-image size-full\"><img loading=\"lazy\" decoding=\"async\" width=\"80\" height=\"71\" src=\"https:\/\/innolarva.com\/wp-content\/uploads\/2021\/03\/Granges_Serveis.png\" alt=\"\" class=\"wp-image-2066\"\/><\/figure>\n<\/div>\n<\/div>\n\n<h3 class=\"wp-block-heading\">Objetivo:<\/h3>\n\n<p>El proyecto tiene como principal objetivo la transformaci\u00f3n de residuos org\u00e1nicos agroalimentarios en productos fitosanitarios de alta calidad, a trav\u00e9s de un proceso innovador.<\/p>\n","protected":false},"excerpt":{"rendered":"<p>Visi\u00f3n: Somos una entidad l\u00edder y referente en la transformaci\u00f3n sostenible de residuos org\u00e1nicos en productos fitosanitarios, destacando por nuestra innovaci\u00f3n y compromiso con la promoci\u00f3n de la responsabilidad ambiental &#8230;<\/p>\n","protected":false},"author":7,"featured_media":3154,"parent":0,"menu_order":0,"comment_status":"closed","ping_status":"closed","template":"","meta":{"footnotes":""},"class_list":["post-2705","page","type-page","status-publish","has-post-thumbnail","hentry"],"yoast_head":"<!-- This site is optimized with the Yoast SEO plugin v27.4 - https:\/\/yoast.com\/product\/yoast-seo-wordpress\/ -->\n<title>\u00bfQui\u00e9nes somos? - INNOLARVA<\/title>\n<meta name=\"robots\" content=\"index, follow, max-snippet:-1, max-image-preview:large, max-video-preview:-1\" \/>\n<link rel=\"canonical\" href=\"https:\/\/innolarva.com\/es\/innolarva\/\" \/>\n<meta property=\"og:locale\" content=\"es_ES\" \/>\n<meta property=\"og:type\" content=\"article\" \/>\n<meta property=\"og:title\" content=\"\u00bfQui\u00e9nes somos? - INNOLARVA\" \/>\n<meta property=\"og:description\" content=\"Visi\u00f3n: Somos una entidad l\u00edder y referente en la transformaci\u00f3n sostenible de residuos org\u00e1nicos en productos fitosanitarios, destacando por nuestra innovaci\u00f3n y compromiso con la promoci\u00f3n de la responsabilidad ambiental ...\" \/>\n<meta property=\"og:url\" content=\"https:\/\/innolarva.com\/es\/innolarva\/\" \/>\n<meta property=\"og:site_name\" content=\"INNOLARVA\" \/>\n<meta property=\"article:modified_time\" content=\"2024-03-14T08:57:00+00:00\" \/>\n<meta property=\"og:image\" content=\"https:\/\/innolarva.com\/wp-content\/uploads\/2021\/03\/Franja_projecte.jpg\" \/>\n\t<meta property=\"og:image:width\" content=\"1920\" \/>\n\t<meta property=\"og:image:height\" content=\"387\" \/>\n\t<meta property=\"og:image:type\" content=\"image\/jpeg\" \/>\n<meta name=\"twitter:card\" content=\"summary_large_image\" \/>\n<meta name=\"twitter:label1\" content=\"Tiempo de lectura\" \/>\n\t<meta name=\"twitter:data1\" content=\"2 minutos\" \/>\n<script type=\"application\/ld+json\" class=\"yoast-schema-graph\">{\"@context\":\"https:\\\/\\\/schema.org\",\"@graph\":[{\"@type\":\"WebPage\",\"@id\":\"https:\\\/\\\/innolarva.com\\\/es\\\/innolarva\\\/\",\"url\":\"https:\\\/\\\/innolarva.com\\\/es\\\/innolarva\\\/\",\"name\":\"\u00bfQui\u00e9nes somos? - INNOLARVA\",\"isPartOf\":{\"@id\":\"https:\\\/\\\/innolarva.com\\\/es\\\/#website\"},\"primaryImageOfPage\":{\"@id\":\"https:\\\/\\\/innolarva.com\\\/es\\\/innolarva\\\/#primaryimage\"},\"image\":{\"@id\":\"https:\\\/\\\/innolarva.com\\\/es\\\/innolarva\\\/#primaryimage\"},\"thumbnailUrl\":\"https:\\\/\\\/innolarva.com\\\/wp-content\\\/uploads\\\/2024\\\/12\\\/nosaltres-retallat-1.jpg\",\"datePublished\":\"2024-02-28T10:46:30+00:00\",\"dateModified\":\"2024-03-14T08:57:00+00:00\",\"breadcrumb\":{\"@id\":\"https:\\\/\\\/innolarva.com\\\/es\\\/innolarva\\\/#breadcrumb\"},\"inLanguage\":\"es\",\"potentialAction\":[{\"@type\":\"ReadAction\",\"target\":[\"https:\\\/\\\/innolarva.com\\\/es\\\/innolarva\\\/\"]}]},{\"@type\":\"ImageObject\",\"inLanguage\":\"es\",\"@id\":\"https:\\\/\\\/innolarva.com\\\/es\\\/innolarva\\\/#primaryimage\",\"url\":\"https:\\\/\\\/innolarva.com\\\/wp-content\\\/uploads\\\/2024\\\/12\\\/nosaltres-retallat-1.jpg\",\"contentUrl\":\"https:\\\/\\\/innolarva.com\\\/wp-content\\\/uploads\\\/2024\\\/12\\\/nosaltres-retallat-1.jpg\",\"width\":865,\"height\":445},{\"@type\":\"BreadcrumbList\",\"@id\":\"https:\\\/\\\/innolarva.com\\\/es\\\/innolarva\\\/#breadcrumb\",\"itemListElement\":[{\"@type\":\"ListItem\",\"position\":1,\"name\":\"Inicio\",\"item\":\"https:\\\/\\\/innolarva.com\\\/es\\\/\"},{\"@type\":\"ListItem\",\"position\":2,\"name\":\"\u00bfQui\u00e9nes somos?\"}]},{\"@type\":\"WebSite\",\"@id\":\"https:\\\/\\\/innolarva.com\\\/es\\\/#website\",\"url\":\"https:\\\/\\\/innolarva.com\\\/es\\\/\",\"name\":\"INNOLARVA\",\"description\":\"Transformem els residus org\u00e0nics en biomassa\",\"publisher\":{\"@id\":\"https:\\\/\\\/innolarva.com\\\/es\\\/#organization\"},\"potentialAction\":[{\"@type\":\"SearchAction\",\"target\":{\"@type\":\"EntryPoint\",\"urlTemplate\":\"https:\\\/\\\/innolarva.com\\\/es\\\/?s={search_term_string}\"},\"query-input\":{\"@type\":\"PropertyValueSpecification\",\"valueRequired\":true,\"valueName\":\"search_term_string\"}}],\"inLanguage\":\"es\"},{\"@type\":\"Organization\",\"@id\":\"https:\\\/\\\/innolarva.com\\\/es\\\/#organization\",\"name\":\"INNOLARVA\",\"url\":\"https:\\\/\\\/innolarva.com\\\/es\\\/\",\"logo\":{\"@type\":\"ImageObject\",\"inLanguage\":\"es\",\"@id\":\"https:\\\/\\\/innolarva.com\\\/es\\\/#\\\/schema\\\/logo\\\/image\\\/\",\"url\":\"https:\\\/\\\/innolarva.com\\\/wp-content\\\/uploads\\\/2021\\\/02\\\/innolarva-428x126-1-1.png\",\"contentUrl\":\"https:\\\/\\\/innolarva.com\\\/wp-content\\\/uploads\\\/2021\\\/02\\\/innolarva-428x126-1-1.png\",\"width\":428,\"height\":126,\"caption\":\"INNOLARVA\"},\"image\":{\"@id\":\"https:\\\/\\\/innolarva.com\\\/es\\\/#\\\/schema\\\/logo\\\/image\\\/\"}}]}<\/script>\n<!-- \/ Yoast SEO plugin. -->","yoast_head_json":{"title":"\u00bfQui\u00e9nes somos? - INNOLARVA","robots":{"index":"index","follow":"follow","max-snippet":"max-snippet:-1","max-image-preview":"max-image-preview:large","max-video-preview":"max-video-preview:-1"},"canonical":"https:\/\/innolarva.com\/es\/innolarva\/","og_locale":"es_ES","og_type":"article","og_title":"\u00bfQui\u00e9nes somos? - INNOLARVA","og_description":"Visi\u00f3n: Somos una entidad l\u00edder y referente en la transformaci\u00f3n sostenible de residuos org\u00e1nicos en productos fitosanitarios, destacando por nuestra innovaci\u00f3n y compromiso con la promoci\u00f3n de la responsabilidad ambiental ...","og_url":"https:\/\/innolarva.com\/es\/innolarva\/","og_site_name":"INNOLARVA","article_modified_time":"2024-03-14T08:57:00+00:00","og_image":[{"width":1920,"height":387,"url":"https:\/\/innolarva.com\/wp-content\/uploads\/2021\/03\/Franja_projecte.jpg","type":"image\/jpeg"}],"twitter_card":"summary_large_image","twitter_misc":{"Tiempo de lectura":"2 minutos"},"schema":{"@context":"https:\/\/schema.org","@graph":[{"@type":"WebPage","@id":"https:\/\/innolarva.com\/es\/innolarva\/","url":"https:\/\/innolarva.com\/es\/innolarva\/","name":"\u00bfQui\u00e9nes somos? - INNOLARVA","isPartOf":{"@id":"https:\/\/innolarva.com\/es\/#website"},"primaryImageOfPage":{"@id":"https:\/\/innolarva.com\/es\/innolarva\/#primaryimage"},"image":{"@id":"https:\/\/innolarva.com\/es\/innolarva\/#primaryimage"},"thumbnailUrl":"https:\/\/innolarva.com\/wp-content\/uploads\/2024\/12\/nosaltres-retallat-1.jpg","datePublished":"2024-02-28T10:46:30+00:00","dateModified":"2024-03-14T08:57:00+00:00","breadcrumb":{"@id":"https:\/\/innolarva.com\/es\/innolarva\/#breadcrumb"},"inLanguage":"es","potentialAction":[{"@type":"ReadAction","target":["https:\/\/innolarva.com\/es\/innolarva\/"]}]},{"@type":"ImageObject","inLanguage":"es","@id":"https:\/\/innolarva.com\/es\/innolarva\/#primaryimage","url":"https:\/\/innolarva.com\/wp-content\/uploads\/2024\/12\/nosaltres-retallat-1.jpg","contentUrl":"https:\/\/innolarva.com\/wp-content\/uploads\/2024\/12\/nosaltres-retallat-1.jpg","width":865,"height":445},{"@type":"BreadcrumbList","@id":"https:\/\/innolarva.com\/es\/innolarva\/#breadcrumb","itemListElement":[{"@type":"ListItem","position":1,"name":"Inicio","item":"https:\/\/innolarva.com\/es\/"},{"@type":"ListItem","position":2,"name":"\u00bfQui\u00e9nes somos?"}]},{"@type":"WebSite","@id":"https:\/\/innolarva.com\/es\/#website","url":"https:\/\/innolarva.com\/es\/","name":"INNOLARVA","description":"Transformem els residus org\u00e0nics en biomassa","publisher":{"@id":"https:\/\/innolarva.com\/es\/#organization"},"potentialAction":[{"@type":"SearchAction","target":{"@type":"EntryPoint","urlTemplate":"https:\/\/innolarva.com\/es\/?s={search_term_string}"},"query-input":{"@type":"PropertyValueSpecification","valueRequired":true,"valueName":"search_term_string"}}],"inLanguage":"es"},{"@type":"Organization","@id":"https:\/\/innolarva.com\/es\/#organization","name":"INNOLARVA","url":"https:\/\/innolarva.com\/es\/","logo":{"@type":"ImageObject","inLanguage":"es","@id":"https:\/\/innolarva.com\/es\/#\/schema\/logo\/image\/","url":"https:\/\/innolarva.com\/wp-content\/uploads\/2021\/02\/innolarva-428x126-1-1.png","contentUrl":"https:\/\/innolarva.com\/wp-content\/uploads\/2021\/02\/innolarva-428x126-1-1.png","width":428,"height":126,"caption":"INNOLARVA"},"image":{"@id":"https:\/\/innolarva.com\/es\/#\/schema\/logo\/image\/"}}]}},"_links":{"self":[{"href":"https:\/\/innolarva.com\/es\/wp-json\/wp\/v2\/pages\/2705","targetHints":{"allow":["GET"]}}],"collection":[{"href":"https:\/\/innolarva.com\/es\/wp-json\/wp\/v2\/pages"}],"about":[{"href":"https:\/\/innolarva.com\/es\/wp-json\/wp\/v2\/types\/page"}],"author":[{"embeddable":true,"href":"https:\/\/innolarva.com\/es\/wp-json\/wp\/v2\/users\/7"}],"replies":[{"embeddable":true,"href":"https:\/\/innolarva.com\/es\/wp-json\/wp\/v2\/comments?post=2705"}],"version-history":[{"count":7,"href":"https:\/\/innolarva.com\/es\/wp-json\/wp\/v2\/pages\/2705\/revisions"}],"predecessor-version":[{"id":2931,"href":"https:\/\/innolarva.com\/es\/wp-json\/wp\/v2\/pages\/2705\/revisions\/2931"}],"wp:featuredmedia":[{"embeddable":true,"href":"https:\/\/innolarva.com\/es\/wp-json\/wp\/v2\/media\/3154"}],"wp:attachment":[{"href":"https:\/\/innolarva.com\/es\/wp-json\/wp\/v2\/media?parent=2705"}],"curies":[{"name":"wp","href":"https:\/\/api.w.org\/{rel}","templated":true}]}}