{"id":2376,"date":"2021-03-15T18:25:30","date_gmt":"2021-03-15T18:25:30","guid":{"rendered":"https:\/\/innolarva.com\/investigacion-y-desarrollo"},"modified":"2021-03-18T19:01:28","modified_gmt":"2021-03-18T19:01:28","slug":"investigacion-y-desarrollo","status":"publish","type":"page","link":"https:\/\/innolarva.com\/es\/investigacion-y-desarrollo\/","title":{"rendered":"Investigaci\u00f3n y Desarrollo"},"content":{"rendered":"<p>Servicio de Investigaci\u00f3n y Desarrollo para hacer la selecci\u00f3n de las especies de insectos m\u00e1s \u00f3ptimas para degradar cada tipolog\u00eda de residuo org\u00e1nico y su transformaci\u00f3n.<\/p>\n\n<p><\/p>\n","protected":false},"excerpt":{"rendered":"<p>Servicio de Investigaci\u00f3n y Desarrollo para realizar la selecci\u00f3n de las especies de insectos m\u00e1s \u00f3ptimas para degradar cada tipolog\u00eda de residuo org\u00e1nico y su transformaci\u00f3n.<\/p>\n","protected":false},"author":1,"featured_media":0,"parent":0,"menu_order":0,"comment_status":"closed","ping_status":"closed","template":"","meta":{"footnotes":""},"class_list":["post-2376","page","type-page","status-publish","hentry"],"yoast_head":"<!-- This site is optimized with the Yoast SEO plugin v27.4 - https:\/\/yoast.com\/product\/yoast-seo-wordpress\/ -->\n<title>Investigaci\u00f3n y Desarrollo - INNOLARVA<\/title>\n<meta name=\"description\" content=\"Selecci\u00f3n de las especies de insectos \u00f3ptimas para degradar y transformar los residuos org\u00e1nicos\" \/>\n<meta name=\"robots\" content=\"index, follow, max-snippet:-1, max-image-preview:large, max-video-preview:-1\" \/>\n<link rel=\"canonical\" href=\"https:\/\/innolarva.com\/es\/investigacion-y-desarrollo\/\" \/>\n<meta property=\"og:locale\" content=\"es_ES\" \/>\n<meta property=\"og:type\" content=\"article\" \/>\n<meta property=\"og:title\" content=\"Investigaci\u00f3n y Desarrollo - INNOLARVA\" \/>\n<meta property=\"og:description\" content=\"Selecci\u00f3n de las especies de insectos \u00f3ptimas para degradar y transformar los residuos org\u00e1nicos\" \/>\n<meta property=\"og:url\" content=\"https:\/\/innolarva.com\/es\/investigacion-y-desarrollo\/\" \/>\n<meta property=\"og:site_name\" content=\"INNOLARVA\" \/>\n<meta property=\"article:modified_time\" content=\"2021-03-18T19:01:28+00:00\" \/>\n<meta name=\"twitter:card\" content=\"summary_large_image\" \/>\n<script type=\"application\/ld+json\" class=\"yoast-schema-graph\">{\"@context\":\"https:\\\/\\\/schema.org\",\"@graph\":[{\"@type\":\"WebPage\",\"@id\":\"https:\\\/\\\/innolarva.com\\\/es\\\/investigacion-y-desarrollo\\\/\",\"url\":\"https:\\\/\\\/innolarva.com\\\/es\\\/investigacion-y-desarrollo\\\/\",\"name\":\"Investigaci\u00f3n y Desarrollo - INNOLARVA\",\"isPartOf\":{\"@id\":\"https:\\\/\\\/innolarva.com\\\/es\\\/#website\"},\"datePublished\":\"2021-03-15T18:25:30+00:00\",\"dateModified\":\"2021-03-18T19:01:28+00:00\",\"description\":\"Selecci\u00f3n de las especies de insectos \u00f3ptimas para degradar y transformar los residuos org\u00e1nicos\",\"breadcrumb\":{\"@id\":\"https:\\\/\\\/innolarva.com\\\/es\\\/investigacion-y-desarrollo\\\/#breadcrumb\"},\"inLanguage\":\"es\",\"potentialAction\":[{\"@type\":\"ReadAction\",\"target\":[\"https:\\\/\\\/innolarva.com\\\/es\\\/investigacion-y-desarrollo\\\/\"]}]},{\"@type\":\"BreadcrumbList\",\"@id\":\"https:\\\/\\\/innolarva.com\\\/es\\\/investigacion-y-desarrollo\\\/#breadcrumb\",\"itemListElement\":[{\"@type\":\"ListItem\",\"position\":1,\"name\":\"Inicio\",\"item\":\"https:\\\/\\\/innolarva.com\\\/es\\\/\"},{\"@type\":\"ListItem\",\"position\":2,\"name\":\"Investigaci\u00f3n y Desarrollo\"}]},{\"@type\":\"WebSite\",\"@id\":\"https:\\\/\\\/innolarva.com\\\/es\\\/#website\",\"url\":\"https:\\\/\\\/innolarva.com\\\/es\\\/\",\"name\":\"INNOLARVA\",\"description\":\"Transformem els residus org\u00e0nics en biomassa\",\"publisher\":{\"@id\":\"https:\\\/\\\/innolarva.com\\\/es\\\/#organization\"},\"potentialAction\":[{\"@type\":\"SearchAction\",\"target\":{\"@type\":\"EntryPoint\",\"urlTemplate\":\"https:\\\/\\\/innolarva.com\\\/es\\\/?s={search_term_string}\"},\"query-input\":{\"@type\":\"PropertyValueSpecification\",\"valueRequired\":true,\"valueName\":\"search_term_string\"}}],\"inLanguage\":\"es\"},{\"@type\":\"Organization\",\"@id\":\"https:\\\/\\\/innolarva.com\\\/es\\\/#organization\",\"name\":\"INNOLARVA\",\"url\":\"https:\\\/\\\/innolarva.com\\\/es\\\/\",\"logo\":{\"@type\":\"ImageObject\",\"inLanguage\":\"es\",\"@id\":\"https:\\\/\\\/innolarva.com\\\/es\\\/#\\\/schema\\\/logo\\\/image\\\/\",\"url\":\"https:\\\/\\\/innolarva.com\\\/wp-content\\\/uploads\\\/2021\\\/02\\\/innolarva-428x126-1-1.png\",\"contentUrl\":\"https:\\\/\\\/innolarva.com\\\/wp-content\\\/uploads\\\/2021\\\/02\\\/innolarva-428x126-1-1.png\",\"width\":428,\"height\":126,\"caption\":\"INNOLARVA\"},\"image\":{\"@id\":\"https:\\\/\\\/innolarva.com\\\/es\\\/#\\\/schema\\\/logo\\\/image\\\/\"}}]}<\/script>\n<!-- \/ Yoast SEO plugin. -->","yoast_head_json":{"title":"Investigaci\u00f3n y Desarrollo - INNOLARVA","description":"Selecci\u00f3n de las especies de insectos \u00f3ptimas para degradar y transformar los residuos org\u00e1nicos","robots":{"index":"index","follow":"follow","max-snippet":"max-snippet:-1","max-image-preview":"max-image-preview:large","max-video-preview":"max-video-preview:-1"},"canonical":"https:\/\/innolarva.com\/es\/investigacion-y-desarrollo\/","og_locale":"es_ES","og_type":"article","og_title":"Investigaci\u00f3n y Desarrollo - INNOLARVA","og_description":"Selecci\u00f3n de las especies de insectos \u00f3ptimas para degradar y transformar los residuos org\u00e1nicos","og_url":"https:\/\/innolarva.com\/es\/investigacion-y-desarrollo\/","og_site_name":"INNOLARVA","article_modified_time":"2021-03-18T19:01:28+00:00","twitter_card":"summary_large_image","schema":{"@context":"https:\/\/schema.org","@graph":[{"@type":"WebPage","@id":"https:\/\/innolarva.com\/es\/investigacion-y-desarrollo\/","url":"https:\/\/innolarva.com\/es\/investigacion-y-desarrollo\/","name":"Investigaci\u00f3n y Desarrollo - INNOLARVA","isPartOf":{"@id":"https:\/\/innolarva.com\/es\/#website"},"datePublished":"2021-03-15T18:25:30+00:00","dateModified":"2021-03-18T19:01:28+00:00","description":"Selecci\u00f3n de las especies de insectos \u00f3ptimas para degradar y transformar los residuos org\u00e1nicos","breadcrumb":{"@id":"https:\/\/innolarva.com\/es\/investigacion-y-desarrollo\/#breadcrumb"},"inLanguage":"es","potentialAction":[{"@type":"ReadAction","target":["https:\/\/innolarva.com\/es\/investigacion-y-desarrollo\/"]}]},{"@type":"BreadcrumbList","@id":"https:\/\/innolarva.com\/es\/investigacion-y-desarrollo\/#breadcrumb","itemListElement":[{"@type":"ListItem","position":1,"name":"Inicio","item":"https:\/\/innolarva.com\/es\/"},{"@type":"ListItem","position":2,"name":"Investigaci\u00f3n y Desarrollo"}]},{"@type":"WebSite","@id":"https:\/\/innolarva.com\/es\/#website","url":"https:\/\/innolarva.com\/es\/","name":"INNOLARVA","description":"Transformem els residus org\u00e0nics en biomassa","publisher":{"@id":"https:\/\/innolarva.com\/es\/#organization"},"potentialAction":[{"@type":"SearchAction","target":{"@type":"EntryPoint","urlTemplate":"https:\/\/innolarva.com\/es\/?s={search_term_string}"},"query-input":{"@type":"PropertyValueSpecification","valueRequired":true,"valueName":"search_term_string"}}],"inLanguage":"es"},{"@type":"Organization","@id":"https:\/\/innolarva.com\/es\/#organization","name":"INNOLARVA","url":"https:\/\/innolarva.com\/es\/","logo":{"@type":"ImageObject","inLanguage":"es","@id":"https:\/\/innolarva.com\/es\/#\/schema\/logo\/image\/","url":"https:\/\/innolarva.com\/wp-content\/uploads\/2021\/02\/innolarva-428x126-1-1.png","contentUrl":"https:\/\/innolarva.com\/wp-content\/uploads\/2021\/02\/innolarva-428x126-1-1.png","width":428,"height":126,"caption":"INNOLARVA"},"image":{"@id":"https:\/\/innolarva.com\/es\/#\/schema\/logo\/image\/"}}]}},"_links":{"self":[{"href":"https:\/\/innolarva.com\/es\/wp-json\/wp\/v2\/pages\/2376","targetHints":{"allow":["GET"]}}],"collection":[{"href":"https:\/\/innolarva.com\/es\/wp-json\/wp\/v2\/pages"}],"about":[{"href":"https:\/\/innolarva.com\/es\/wp-json\/wp\/v2\/types\/page"}],"author":[{"embeddable":true,"href":"https:\/\/innolarva.com\/es\/wp-json\/wp\/v2\/users\/1"}],"replies":[{"embeddable":true,"href":"https:\/\/innolarva.com\/es\/wp-json\/wp\/v2\/comments?post=2376"}],"version-history":[{"count":9,"href":"https:\/\/innolarva.com\/es\/wp-json\/wp\/v2\/pages\/2376\/revisions"}],"predecessor-version":[{"id":2421,"href":"https:\/\/innolarva.com\/es\/wp-json\/wp\/v2\/pages\/2376\/revisions\/2421"}],"wp:attachment":[{"href":"https:\/\/innolarva.com\/es\/wp-json\/wp\/v2\/media?parent=2376"}],"curies":[{"name":"wp","href":"https:\/\/api.w.org\/{rel}","templated":true}]}}