{"id":2355,"date":"2021-03-15T18:17:03","date_gmt":"2021-03-15T18:17:03","guid":{"rendered":"https:\/\/innolarva.com\/federacio-selmar"},"modified":"2024-12-23T10:22:53","modified_gmt":"2024-12-23T09:22:53","slug":"federacio-selmar","status":"publish","type":"page","link":"https:\/\/innolarva.com\/es\/federacio-selmar\/","title":{"rendered":"FEDERACIO SELMAR"},"content":{"rendered":"\n<figure class=\"wp-block-image size-large is-resized\"><a href=\"https:\/\/www.federacioselmar.com\/\" target=\"_blank\" rel=\"noopener\"><img loading=\"lazy\" decoding=\"async\" width=\"200\" height=\"54\" src=\"https:\/\/innolarva.com\/wp-content\/uploads\/2021\/03\/Logo_selmar_Qui_Som-3.png\" alt=\"\" class=\"wp-image-1682\" style=\"width:200px;height:54px\"\/><\/a><\/figure>\n<p style=\"text-align: justify;\">La Federaci\u00f3n de Agrupaciones de Defensa Vegetal Selmar asesora y presta servicios a los agricultores para aplicar al campo t\u00e9cnicas de control integrado de plagas, dando prioridad al control biol\u00f3gico.<\/p>\n","protected":false},"excerpt":{"rendered":"<p>Nullam ut tempor eros. Donec faucibus, velit et imperdiet aliquam, lacus velit luctus urna, vitae porttitor orci libero id felis.<\/p>\n","protected":false},"author":1,"featured_media":0,"parent":0,"menu_order":0,"comment_status":"closed","ping_status":"closed","template":"","meta":{"footnotes":""},"class_list":["post-2355","page","type-page","status-publish","hentry"],"yoast_head":"<!-- This site is optimized with the Yoast SEO plugin v27.5 - https:\/\/yoast.com\/product\/yoast-seo-wordpress\/ -->\n<title>FEDERACIO SELMAR - INNOLARVA<\/title>\n<meta name=\"description\" content=\"Promotora del proyecto Asesora y presta servicios a los agricultores para aplicar t\u00e9cnicas al campo t\u00e9cnicas de control integrado y biol\u00f3gico de plagas.\" \/>\n<meta name=\"robots\" content=\"index, follow, max-snippet:-1, max-image-preview:large, max-video-preview:-1\" \/>\n<link rel=\"canonical\" href=\"https:\/\/innolarva.com\/es\/federacio-selmar\/\" \/>\n<meta property=\"og:locale\" content=\"es_ES\" \/>\n<meta property=\"og:type\" content=\"article\" \/>\n<meta property=\"og:title\" content=\"FEDERACIO SELMAR - INNOLARVA\" \/>\n<meta property=\"og:description\" content=\"Promotora del proyecto Asesora y presta servicios a los agricultores para aplicar t\u00e9cnicas al campo t\u00e9cnicas de control integrado y biol\u00f3gico de plagas.\" \/>\n<meta property=\"og:url\" content=\"https:\/\/innolarva.com\/es\/federacio-selmar\/\" \/>\n<meta property=\"og:site_name\" content=\"INNOLARVA\" \/>\n<meta property=\"article:modified_time\" content=\"2024-12-23T09:22:53+00:00\" \/>\n<meta property=\"og:image\" content=\"https:\/\/innolarva.com\/wp-content\/uploads\/2021\/03\/Logo_selmar_Qui_Som-3.png\" \/>\n\t<meta property=\"og:image:width\" content=\"200\" \/>\n\t<meta property=\"og:image:height\" content=\"54\" \/>\n\t<meta property=\"og:image:type\" content=\"image\/png\" \/>\n<meta name=\"twitter:card\" content=\"summary_large_image\" \/>\n<meta name=\"twitter:label1\" content=\"Tiempo de lectura\" \/>\n\t<meta name=\"twitter:data1\" content=\"1 minuto\" \/>\n<script type=\"application\/ld+json\" class=\"yoast-schema-graph\">{\"@context\":\"https:\\\/\\\/schema.org\",\"@graph\":[{\"@type\":\"WebPage\",\"@id\":\"https:\\\/\\\/innolarva.com\\\/es\\\/federacio-selmar\\\/\",\"url\":\"https:\\\/\\\/innolarva.com\\\/es\\\/federacio-selmar\\\/\",\"name\":\"FEDERACIO SELMAR - INNOLARVA\",\"isPartOf\":{\"@id\":\"https:\\\/\\\/innolarva.com\\\/es\\\/#website\"},\"primaryImageOfPage\":{\"@id\":\"https:\\\/\\\/innolarva.com\\\/es\\\/federacio-selmar\\\/#primaryimage\"},\"image\":{\"@id\":\"https:\\\/\\\/innolarva.com\\\/es\\\/federacio-selmar\\\/#primaryimage\"},\"thumbnailUrl\":\"https:\\\/\\\/innolarva.com\\\/wp-content\\\/uploads\\\/2021\\\/03\\\/Logo_selmar_Qui_Som-3.png\",\"datePublished\":\"2021-03-15T18:17:03+00:00\",\"dateModified\":\"2024-12-23T09:22:53+00:00\",\"description\":\"Promotora del proyecto Asesora y presta servicios a los agricultores para aplicar t\u00e9cnicas al campo t\u00e9cnicas de control integrado y biol\u00f3gico de plagas.\",\"breadcrumb\":{\"@id\":\"https:\\\/\\\/innolarva.com\\\/es\\\/federacio-selmar\\\/#breadcrumb\"},\"inLanguage\":\"es\",\"potentialAction\":[{\"@type\":\"ReadAction\",\"target\":[\"https:\\\/\\\/innolarva.com\\\/es\\\/federacio-selmar\\\/\"]}]},{\"@type\":\"ImageObject\",\"inLanguage\":\"es\",\"@id\":\"https:\\\/\\\/innolarva.com\\\/es\\\/federacio-selmar\\\/#primaryimage\",\"url\":\"https:\\\/\\\/innolarva.com\\\/wp-content\\\/uploads\\\/2021\\\/03\\\/Logo_selmar_Qui_Som-3.png\",\"contentUrl\":\"https:\\\/\\\/innolarva.com\\\/wp-content\\\/uploads\\\/2021\\\/03\\\/Logo_selmar_Qui_Som-3.png\"},{\"@type\":\"BreadcrumbList\",\"@id\":\"https:\\\/\\\/innolarva.com\\\/es\\\/federacio-selmar\\\/#breadcrumb\",\"itemListElement\":[{\"@type\":\"ListItem\",\"position\":1,\"name\":\"Inicio\",\"item\":\"https:\\\/\\\/innolarva.com\\\/es\\\/\"},{\"@type\":\"ListItem\",\"position\":2,\"name\":\"FEDERACIO SELMAR\"}]},{\"@type\":\"WebSite\",\"@id\":\"https:\\\/\\\/innolarva.com\\\/es\\\/#website\",\"url\":\"https:\\\/\\\/innolarva.com\\\/es\\\/\",\"name\":\"INNOLARVA\",\"description\":\"Transformem els residus org\u00e0nics en biomassa\",\"publisher\":{\"@id\":\"https:\\\/\\\/innolarva.com\\\/es\\\/#organization\"},\"potentialAction\":[{\"@type\":\"SearchAction\",\"target\":{\"@type\":\"EntryPoint\",\"urlTemplate\":\"https:\\\/\\\/innolarva.com\\\/es\\\/?s={search_term_string}\"},\"query-input\":{\"@type\":\"PropertyValueSpecification\",\"valueRequired\":true,\"valueName\":\"search_term_string\"}}],\"inLanguage\":\"es\"},{\"@type\":\"Organization\",\"@id\":\"https:\\\/\\\/innolarva.com\\\/es\\\/#organization\",\"name\":\"INNOLARVA\",\"url\":\"https:\\\/\\\/innolarva.com\\\/es\\\/\",\"logo\":{\"@type\":\"ImageObject\",\"inLanguage\":\"es\",\"@id\":\"https:\\\/\\\/innolarva.com\\\/es\\\/#\\\/schema\\\/logo\\\/image\\\/\",\"url\":\"https:\\\/\\\/innolarva.com\\\/wp-content\\\/uploads\\\/2021\\\/02\\\/innolarva-428x126-1-1.png\",\"contentUrl\":\"https:\\\/\\\/innolarva.com\\\/wp-content\\\/uploads\\\/2021\\\/02\\\/innolarva-428x126-1-1.png\",\"width\":428,\"height\":126,\"caption\":\"INNOLARVA\"},\"image\":{\"@id\":\"https:\\\/\\\/innolarva.com\\\/es\\\/#\\\/schema\\\/logo\\\/image\\\/\"}}]}<\/script>\n<!-- \/ Yoast SEO plugin. -->","yoast_head_json":{"title":"FEDERACIO SELMAR - INNOLARVA","description":"Promotora del proyecto Asesora y presta servicios a los agricultores para aplicar t\u00e9cnicas al campo t\u00e9cnicas de control integrado y biol\u00f3gico de plagas.","robots":{"index":"index","follow":"follow","max-snippet":"max-snippet:-1","max-image-preview":"max-image-preview:large","max-video-preview":"max-video-preview:-1"},"canonical":"https:\/\/innolarva.com\/es\/federacio-selmar\/","og_locale":"es_ES","og_type":"article","og_title":"FEDERACIO SELMAR - INNOLARVA","og_description":"Promotora del proyecto Asesora y presta servicios a los agricultores para aplicar t\u00e9cnicas al campo t\u00e9cnicas de control integrado y biol\u00f3gico de plagas.","og_url":"https:\/\/innolarva.com\/es\/federacio-selmar\/","og_site_name":"INNOLARVA","article_modified_time":"2024-12-23T09:22:53+00:00","og_image":[{"width":200,"height":54,"url":"https:\/\/innolarva.com\/wp-content\/uploads\/2021\/03\/Logo_selmar_Qui_Som-3.png","type":"image\/png"}],"twitter_card":"summary_large_image","twitter_misc":{"Tiempo de lectura":"1 minuto"},"schema":{"@context":"https:\/\/schema.org","@graph":[{"@type":"WebPage","@id":"https:\/\/innolarva.com\/es\/federacio-selmar\/","url":"https:\/\/innolarva.com\/es\/federacio-selmar\/","name":"FEDERACIO SELMAR - INNOLARVA","isPartOf":{"@id":"https:\/\/innolarva.com\/es\/#website"},"primaryImageOfPage":{"@id":"https:\/\/innolarva.com\/es\/federacio-selmar\/#primaryimage"},"image":{"@id":"https:\/\/innolarva.com\/es\/federacio-selmar\/#primaryimage"},"thumbnailUrl":"https:\/\/innolarva.com\/wp-content\/uploads\/2021\/03\/Logo_selmar_Qui_Som-3.png","datePublished":"2021-03-15T18:17:03+00:00","dateModified":"2024-12-23T09:22:53+00:00","description":"Promotora del proyecto Asesora y presta servicios a los agricultores para aplicar t\u00e9cnicas al campo t\u00e9cnicas de control integrado y biol\u00f3gico de plagas.","breadcrumb":{"@id":"https:\/\/innolarva.com\/es\/federacio-selmar\/#breadcrumb"},"inLanguage":"es","potentialAction":[{"@type":"ReadAction","target":["https:\/\/innolarva.com\/es\/federacio-selmar\/"]}]},{"@type":"ImageObject","inLanguage":"es","@id":"https:\/\/innolarva.com\/es\/federacio-selmar\/#primaryimage","url":"https:\/\/innolarva.com\/wp-content\/uploads\/2021\/03\/Logo_selmar_Qui_Som-3.png","contentUrl":"https:\/\/innolarva.com\/wp-content\/uploads\/2021\/03\/Logo_selmar_Qui_Som-3.png"},{"@type":"BreadcrumbList","@id":"https:\/\/innolarva.com\/es\/federacio-selmar\/#breadcrumb","itemListElement":[{"@type":"ListItem","position":1,"name":"Inicio","item":"https:\/\/innolarva.com\/es\/"},{"@type":"ListItem","position":2,"name":"FEDERACIO SELMAR"}]},{"@type":"WebSite","@id":"https:\/\/innolarva.com\/es\/#website","url":"https:\/\/innolarva.com\/es\/","name":"INNOLARVA","description":"Transformem els residus org\u00e0nics en biomassa","publisher":{"@id":"https:\/\/innolarva.com\/es\/#organization"},"potentialAction":[{"@type":"SearchAction","target":{"@type":"EntryPoint","urlTemplate":"https:\/\/innolarva.com\/es\/?s={search_term_string}"},"query-input":{"@type":"PropertyValueSpecification","valueRequired":true,"valueName":"search_term_string"}}],"inLanguage":"es"},{"@type":"Organization","@id":"https:\/\/innolarva.com\/es\/#organization","name":"INNOLARVA","url":"https:\/\/innolarva.com\/es\/","logo":{"@type":"ImageObject","inLanguage":"es","@id":"https:\/\/innolarva.com\/es\/#\/schema\/logo\/image\/","url":"https:\/\/innolarva.com\/wp-content\/uploads\/2021\/02\/innolarva-428x126-1-1.png","contentUrl":"https:\/\/innolarva.com\/wp-content\/uploads\/2021\/02\/innolarva-428x126-1-1.png","width":428,"height":126,"caption":"INNOLARVA"},"image":{"@id":"https:\/\/innolarva.com\/es\/#\/schema\/logo\/image\/"}}]}},"_links":{"self":[{"href":"https:\/\/innolarva.com\/es\/wp-json\/wp\/v2\/pages\/2355","targetHints":{"allow":["GET"]}}],"collection":[{"href":"https:\/\/innolarva.com\/es\/wp-json\/wp\/v2\/pages"}],"about":[{"href":"https:\/\/innolarva.com\/es\/wp-json\/wp\/v2\/types\/page"}],"author":[{"embeddable":true,"href":"https:\/\/innolarva.com\/es\/wp-json\/wp\/v2\/users\/1"}],"replies":[{"embeddable":true,"href":"https:\/\/innolarva.com\/es\/wp-json\/wp\/v2\/comments?post=2355"}],"version-history":[{"count":23,"href":"https:\/\/innolarva.com\/es\/wp-json\/wp\/v2\/pages\/2355\/revisions"}],"predecessor-version":[{"id":3333,"href":"https:\/\/innolarva.com\/es\/wp-json\/wp\/v2\/pages\/2355\/revisions\/3333"}],"wp:attachment":[{"href":"https:\/\/innolarva.com\/es\/wp-json\/wp\/v2\/media?parent=2355"}],"curies":[{"name":"wp","href":"https:\/\/api.w.org\/{rel}","templated":true}]}}