{"id":2337,"date":"2021-03-15T18:12:51","date_gmt":"2021-03-15T18:12:51","guid":{"rendered":"https:\/\/innolarva.com\/analisis-y-estudio"},"modified":"2021-03-18T18:36:15","modified_gmt":"2021-03-18T18:36:15","slug":"analisis-y-estudio","status":"publish","type":"page","link":"https:\/\/innolarva.com\/es\/analisis-y-estudio\/","title":{"rendered":"An\u00e1lisis y estudio"},"content":{"rendered":"\n<p>An\u00e1lisis y dise\u00f1o de los estudios necesarios para optimizar el proceso de degradaci\u00f3n de los residuos org\u00e1nicos, as\u00ed como el aprovechamiento y valorizaci\u00f3n de subproductos que se pueden obtener.<\/p>\n","protected":false},"excerpt":{"rendered":"<p>An\u00e1lisis y dise\u00f1o de los estudios necesarios para optimizar el proceso de degradaci\u00f3n de los residuos org\u00e1nicos, as\u00ed como el aprovechamiento y valorizaci\u00f3n de subproductos que se pueden obtener.<\/p>\n","protected":false},"author":1,"featured_media":0,"parent":0,"menu_order":0,"comment_status":"closed","ping_status":"closed","template":"","meta":{"footnotes":""},"class_list":["post-2337","page","type-page","status-publish","hentry"],"yoast_head":"<!-- This site is optimized with the Yoast SEO plugin v27.4 - https:\/\/yoast.com\/product\/yoast-seo-wordpress\/ -->\n<title>An\u00e1lisis y estudio - INNOLARVA<\/title>\n<meta name=\"description\" content=\"Optimitzaci\u00f3 del proc\u00e9s de degradaci\u00f3 dels residus org\u00e0nics, el seu aprofitament i la seva valoritzaci\u00f3\" \/>\n<meta name=\"robots\" content=\"index, follow, max-snippet:-1, max-image-preview:large, max-video-preview:-1\" \/>\n<link rel=\"canonical\" href=\"https:\/\/innolarva.com\/es\/analisis-y-estudio\/\" \/>\n<meta property=\"og:locale\" content=\"es_ES\" \/>\n<meta property=\"og:type\" content=\"article\" \/>\n<meta property=\"og:title\" content=\"An\u00e1lisis y estudio - INNOLARVA\" \/>\n<meta property=\"og:description\" content=\"Optimitzaci\u00f3 del proc\u00e9s de degradaci\u00f3 dels residus org\u00e0nics, el seu aprofitament i la seva valoritzaci\u00f3\" \/>\n<meta property=\"og:url\" content=\"https:\/\/innolarva.com\/es\/analisis-y-estudio\/\" \/>\n<meta property=\"og:site_name\" content=\"INNOLARVA\" \/>\n<meta property=\"article:modified_time\" content=\"2021-03-18T18:36:15+00:00\" \/>\n<meta name=\"twitter:card\" content=\"summary_large_image\" \/>\n<script type=\"application\/ld+json\" class=\"yoast-schema-graph\">{\"@context\":\"https:\\\/\\\/schema.org\",\"@graph\":[{\"@type\":\"WebPage\",\"@id\":\"https:\\\/\\\/innolarva.com\\\/es\\\/analisis-y-estudio\\\/\",\"url\":\"https:\\\/\\\/innolarva.com\\\/es\\\/analisis-y-estudio\\\/\",\"name\":\"An\u00e1lisis y estudio - INNOLARVA\",\"isPartOf\":{\"@id\":\"https:\\\/\\\/innolarva.com\\\/es\\\/#website\"},\"datePublished\":\"2021-03-15T18:12:51+00:00\",\"dateModified\":\"2021-03-18T18:36:15+00:00\",\"description\":\"Optimitzaci\u00f3 del proc\u00e9s de degradaci\u00f3 dels residus org\u00e0nics, el seu aprofitament i la seva valoritzaci\u00f3\",\"breadcrumb\":{\"@id\":\"https:\\\/\\\/innolarva.com\\\/es\\\/analisis-y-estudio\\\/#breadcrumb\"},\"inLanguage\":\"es\",\"potentialAction\":[{\"@type\":\"ReadAction\",\"target\":[\"https:\\\/\\\/innolarva.com\\\/es\\\/analisis-y-estudio\\\/\"]}]},{\"@type\":\"BreadcrumbList\",\"@id\":\"https:\\\/\\\/innolarva.com\\\/es\\\/analisis-y-estudio\\\/#breadcrumb\",\"itemListElement\":[{\"@type\":\"ListItem\",\"position\":1,\"name\":\"Inicio\",\"item\":\"https:\\\/\\\/innolarva.com\\\/es\\\/\"},{\"@type\":\"ListItem\",\"position\":2,\"name\":\"An\u00e1lisis y estudio\"}]},{\"@type\":\"WebSite\",\"@id\":\"https:\\\/\\\/innolarva.com\\\/es\\\/#website\",\"url\":\"https:\\\/\\\/innolarva.com\\\/es\\\/\",\"name\":\"INNOLARVA\",\"description\":\"Transformem els residus org\u00e0nics en biomassa\",\"publisher\":{\"@id\":\"https:\\\/\\\/innolarva.com\\\/es\\\/#organization\"},\"potentialAction\":[{\"@type\":\"SearchAction\",\"target\":{\"@type\":\"EntryPoint\",\"urlTemplate\":\"https:\\\/\\\/innolarva.com\\\/es\\\/?s={search_term_string}\"},\"query-input\":{\"@type\":\"PropertyValueSpecification\",\"valueRequired\":true,\"valueName\":\"search_term_string\"}}],\"inLanguage\":\"es\"},{\"@type\":\"Organization\",\"@id\":\"https:\\\/\\\/innolarva.com\\\/es\\\/#organization\",\"name\":\"INNOLARVA\",\"url\":\"https:\\\/\\\/innolarva.com\\\/es\\\/\",\"logo\":{\"@type\":\"ImageObject\",\"inLanguage\":\"es\",\"@id\":\"https:\\\/\\\/innolarva.com\\\/es\\\/#\\\/schema\\\/logo\\\/image\\\/\",\"url\":\"https:\\\/\\\/innolarva.com\\\/wp-content\\\/uploads\\\/2021\\\/02\\\/innolarva-428x126-1-1.png\",\"contentUrl\":\"https:\\\/\\\/innolarva.com\\\/wp-content\\\/uploads\\\/2021\\\/02\\\/innolarva-428x126-1-1.png\",\"width\":428,\"height\":126,\"caption\":\"INNOLARVA\"},\"image\":{\"@id\":\"https:\\\/\\\/innolarva.com\\\/es\\\/#\\\/schema\\\/logo\\\/image\\\/\"}}]}<\/script>\n<!-- \/ Yoast SEO plugin. -->","yoast_head_json":{"title":"An\u00e1lisis y estudio - INNOLARVA","description":"Optimitzaci\u00f3 del proc\u00e9s de degradaci\u00f3 dels residus org\u00e0nics, el seu aprofitament i la seva valoritzaci\u00f3","robots":{"index":"index","follow":"follow","max-snippet":"max-snippet:-1","max-image-preview":"max-image-preview:large","max-video-preview":"max-video-preview:-1"},"canonical":"https:\/\/innolarva.com\/es\/analisis-y-estudio\/","og_locale":"es_ES","og_type":"article","og_title":"An\u00e1lisis y estudio - INNOLARVA","og_description":"Optimitzaci\u00f3 del proc\u00e9s de degradaci\u00f3 dels residus org\u00e0nics, el seu aprofitament i la seva valoritzaci\u00f3","og_url":"https:\/\/innolarva.com\/es\/analisis-y-estudio\/","og_site_name":"INNOLARVA","article_modified_time":"2021-03-18T18:36:15+00:00","twitter_card":"summary_large_image","schema":{"@context":"https:\/\/schema.org","@graph":[{"@type":"WebPage","@id":"https:\/\/innolarva.com\/es\/analisis-y-estudio\/","url":"https:\/\/innolarva.com\/es\/analisis-y-estudio\/","name":"An\u00e1lisis y estudio - INNOLARVA","isPartOf":{"@id":"https:\/\/innolarva.com\/es\/#website"},"datePublished":"2021-03-15T18:12:51+00:00","dateModified":"2021-03-18T18:36:15+00:00","description":"Optimitzaci\u00f3 del proc\u00e9s de degradaci\u00f3 dels residus org\u00e0nics, el seu aprofitament i la seva valoritzaci\u00f3","breadcrumb":{"@id":"https:\/\/innolarva.com\/es\/analisis-y-estudio\/#breadcrumb"},"inLanguage":"es","potentialAction":[{"@type":"ReadAction","target":["https:\/\/innolarva.com\/es\/analisis-y-estudio\/"]}]},{"@type":"BreadcrumbList","@id":"https:\/\/innolarva.com\/es\/analisis-y-estudio\/#breadcrumb","itemListElement":[{"@type":"ListItem","position":1,"name":"Inicio","item":"https:\/\/innolarva.com\/es\/"},{"@type":"ListItem","position":2,"name":"An\u00e1lisis y estudio"}]},{"@type":"WebSite","@id":"https:\/\/innolarva.com\/es\/#website","url":"https:\/\/innolarva.com\/es\/","name":"INNOLARVA","description":"Transformem els residus org\u00e0nics en biomassa","publisher":{"@id":"https:\/\/innolarva.com\/es\/#organization"},"potentialAction":[{"@type":"SearchAction","target":{"@type":"EntryPoint","urlTemplate":"https:\/\/innolarva.com\/es\/?s={search_term_string}"},"query-input":{"@type":"PropertyValueSpecification","valueRequired":true,"valueName":"search_term_string"}}],"inLanguage":"es"},{"@type":"Organization","@id":"https:\/\/innolarva.com\/es\/#organization","name":"INNOLARVA","url":"https:\/\/innolarva.com\/es\/","logo":{"@type":"ImageObject","inLanguage":"es","@id":"https:\/\/innolarva.com\/es\/#\/schema\/logo\/image\/","url":"https:\/\/innolarva.com\/wp-content\/uploads\/2021\/02\/innolarva-428x126-1-1.png","contentUrl":"https:\/\/innolarva.com\/wp-content\/uploads\/2021\/02\/innolarva-428x126-1-1.png","width":428,"height":126,"caption":"INNOLARVA"},"image":{"@id":"https:\/\/innolarva.com\/es\/#\/schema\/logo\/image\/"}}]}},"_links":{"self":[{"href":"https:\/\/innolarva.com\/es\/wp-json\/wp\/v2\/pages\/2337","targetHints":{"allow":["GET"]}}],"collection":[{"href":"https:\/\/innolarva.com\/es\/wp-json\/wp\/v2\/pages"}],"about":[{"href":"https:\/\/innolarva.com\/es\/wp-json\/wp\/v2\/types\/page"}],"author":[{"embeddable":true,"href":"https:\/\/innolarva.com\/es\/wp-json\/wp\/v2\/users\/1"}],"replies":[{"embeddable":true,"href":"https:\/\/innolarva.com\/es\/wp-json\/wp\/v2\/comments?post=2337"}],"version-history":[{"count":7,"href":"https:\/\/innolarva.com\/es\/wp-json\/wp\/v2\/pages\/2337\/revisions"}],"predecessor-version":[{"id":2551,"href":"https:\/\/innolarva.com\/es\/wp-json\/wp\/v2\/pages\/2337\/revisions\/2551"}],"wp:attachment":[{"href":"https:\/\/innolarva.com\/es\/wp-json\/wp\/v2\/media?parent=2337"}],"curies":[{"name":"wp","href":"https:\/\/api.w.org\/{rel}","templated":true}]}}